{"id":2055,"date":"2021-08-20T17:15:05","date_gmt":"2021-08-20T15:15:05","guid":{"rendered":"https:\/\/alpinfo.flake.work\/mt-everest-orthophoto-map-2000\/"},"modified":"2021-09-24T15:54:02","modified_gmt":"2021-09-24T13:54:02","slug":"mt-everest-orthophoto-map-2000","status":"publish","type":"page","link":"https:\/\/alpinfo.ch\/en\/research\/current-projects\/realisationen-seit-2000\/mt-everest-orthophoto-map-2000\/","title":{"rendered":"Mt. Everest Orthophoto Map 2000"},"content":{"rendered":"<h2>Mt. Everest Orthophoto Map<\/h2>\n<h3>Mt. Everest Orthophoto Map 1 : 10&#8217;000 Camp 2 to the Summit via the South Col mit der erstmals gedruckten neuen H\u00f6henangabe von 8850 m \u00fc. M.<\/h3>\n<p><img loading=\"lazy\" decoding=\"async\" class=\"alignnone wp-image-1513 size-full\" src=\"https:\/\/alpinfo.ch\/wp-content\/uploads\/2021\/08\/everest_orthophoto_cropped_7076863eda.jpeg\" alt=\"\" width=\"400\" height=\"331\" srcset=\"https:\/\/alpinfo.ch\/wp-content\/uploads\/2021\/08\/everest_orthophoto_cropped_7076863eda.jpeg 400w, https:\/\/alpinfo.ch\/wp-content\/uploads\/2021\/08\/everest_orthophoto_cropped_7076863eda-300x248.jpeg 300w\" sizes=\"auto, (max-width: 400px) 100vw, 400px\" \/><\/p>\n<p>Ende November ist als j\u00fcngstes Kind der langj\u00e4hrigen Zusammenarbeit der Schweizerischen Stiftung f\u00fcr Alpine Forschung mit dem Boston Museum of Science, der National Geographic Society, der University of Alaska Press, dem Bundesamt f\u00fcr Landestopographie und der Ver-messungsfirma Swissphoto die Spezialkarte der Everest-Gipfelregion erschienen, welche auf Luftaufnahmen aus 12&#8217;000 Metern H\u00f6he basiert und in Form von zwei Planobl\u00e4ttern (Photographie des Gipfelmodells und digitalisierte Orthophotokarte) publiziert wird.<\/p>\n<p><strong>Dr. Bradford Washburn<\/strong>, seines Zeichens ehrenamtlicher Direktor des Boston Museum of Science und korrespondierendes Mitglied unserer Stiftung, war auch bei diesem gemeinsamen Kartenprojekt der eigentliche spiritus rector.<\/p>\n<p>Am 11. November 1999 in Washington D.C., hat er anl\u00e4sslich eines &#8216;Mount Everest-Abends&#8217; der National Geographic Society und des American Alpine Club die neu vermessene H\u00f6he des h\u00f6chsten Berges der Welt bekanntgegeben: 8850 m \u00fc. M., also 2 Meter h\u00f6her als die bisher gemessenen 8848 H\u00f6henmeter. Die dreidimensionale Positionsermittlung des Everestgipfels wurde mit satellitengest\u00fctzter Triangulationstechnik durchgef\u00fchrt. Im Mai dieses Jahres hat das amerikanische &#8216;Everest-Millennium&#8217;-Expeditionsteam ein Empfangsger\u00e4t f\u00fcr die Satellitensignale des Global Positioning Systems (GPS) im Gipfelgestein des Everests verankert. Zusammen mit den fr\u00fcher entlang der Aufstiegsroute positionierten GPS-Messpunkten konnten nicht nur zentimetergenau die H\u00f6he und die Koordinaten des Everestgipfels berechnet werden, sondern auch deren Ver\u00e4nderung. W\u00e4hrend des vierj\u00e4hrigen Messintervalls hat sich der Everest bei konstant bleibender H\u00f6he zwischen 3 und 6 Millimeter pro Jahr in Richtung Nordosten verschoben. Aufgrund der regionalen Tektonik ist Bradford Washburn \u00fcberzeugt, dass der Everest und mit ihm das ganze Himalayamassiv \u00fcber die Jahre hinweg millimeterweise an H\u00f6he gewinnt. Neben dem rein alpinistischen Kuriosum, dass also jeder Neuling auf dem Everest h\u00f6her geklommen ist als alle zuvor, k\u00f6nnen aus dieser GPS-gest\u00fctzten Neuvermessung seismologisch relevante Daten der Kontinentaldrift erhalten werden, die einen wichtigen Beitrag zur Ursachenforschung von Erdbeben leisten.<\/p>\n","protected":false},"excerpt":{"rendered":"<p>Mt. Everest Orthophoto Map Mt. Everest Orthophoto Map 1 : 10&#8217;000 Camp 2 to the Summit via the South Col mit der erstmals gedruckten neuen H\u00f6henangabe von 8850 m \u00fc. M. Ende November ist als j\u00fcngstes Kind der langj\u00e4hrigen Zusammenarbeit der Schweizerischen Stiftung f\u00fcr Alpine Forschung mit dem Boston Museum of Science, der National Geographic [&hellip;]<\/p>\n","protected":false},"author":1,"featured_media":0,"parent":2060,"menu_order":0,"comment_status":"closed","ping_status":"closed","template":"template-expedition.php","meta":{"_acf_changed":false,"inline_featured_image":false,"footnotes":"","_links_to":"","_links_to_target":""},"class_list":["post-2055","page","type-page","status-publish","hentry"],"acf":[],"_links":{"self":[{"href":"https:\/\/alpinfo.ch\/en\/wp-json\/wp\/v2\/pages\/2055","targetHints":{"allow":["GET"]}}],"collection":[{"href":"https:\/\/alpinfo.ch\/en\/wp-json\/wp\/v2\/pages"}],"about":[{"href":"https:\/\/alpinfo.ch\/en\/wp-json\/wp\/v2\/types\/page"}],"author":[{"embeddable":true,"href":"https:\/\/alpinfo.ch\/en\/wp-json\/wp\/v2\/users\/1"}],"replies":[{"embeddable":true,"href":"https:\/\/alpinfo.ch\/en\/wp-json\/wp\/v2\/comments?post=2055"}],"version-history":[{"count":4,"href":"https:\/\/alpinfo.ch\/en\/wp-json\/wp\/v2\/pages\/2055\/revisions"}],"predecessor-version":[{"id":2743,"href":"https:\/\/alpinfo.ch\/en\/wp-json\/wp\/v2\/pages\/2055\/revisions\/2743"}],"up":[{"embeddable":true,"href":"https:\/\/alpinfo.ch\/en\/wp-json\/wp\/v2\/pages\/2060"}],"wp:attachment":[{"href":"https:\/\/alpinfo.ch\/en\/wp-json\/wp\/v2\/media?parent=2055"}],"curies":[{"name":"wp","href":"https:\/\/api.w.org\/{rel}","templated":true}]}}