{"id":2066,"date":"2021-08-20T17:15:32","date_gmt":"2021-08-20T15:15:32","guid":{"rendered":"https:\/\/alpinfo.flake.work\/forschung\/aktuelle-projekte\/realisationen-seit-2000\/shisha-pangma-2001-schweizer-forschungs-expedition-der-sggm\/"},"modified":"2021-09-24T15:42:18","modified_gmt":"2021-09-24T13:42:18","slug":"shisha-pangma-2001-schweizer-forschungs-expedition-der-sggm","status":"publish","type":"page","link":"https:\/\/alpinfo.ch\/en\/research\/current-projects\/realisationen-seit-2000\/shisha-pangma-2001-schweizer-forschungs-expedition-der-sggm\/","title":{"rendered":"Shisha Pangma 2001"},"content":{"rendered":"<h2>Schweizer Forschungs-Expedition Shisha Pangma 2001 der SGGM<\/h2>\n<p>Die schweizerische Forschungsexpedition Shisha Pangma 2001 war im Fr\u00fchling 2001 erfolgreich durchgef\u00fchrt worden. Mittels zweier Studien wurden verschiedene Aspekte der H\u00f6henphysiologie genauer untersucht.<\/p>\n<p>In der ersten Studie wurde der Einfluss der H\u00f6henhypoxie auf das Hirn untersucht. Mit fMRI (functional Magnetic Resonance Imaging) wurden Schnittbilder des Hirnes angefertigt und die Durchblutung bei verschiedenen experimentellen Bedingungen untersucht. Mit PET (Positron Emission Tomography) wurde der Zuckerstoffwechsel im Hirn erfasst, andere Tests (optomotorische Untersuchungen) erm\u00f6glichten eine Aussage \u00fcber die Funktion des Hirns. Die Kombination der Verfahren erlaubte vergleichende Untersuchungen von Hirnfunktion und Hirnstoffwechsel vor und nach der Expedition. Zus\u00e4tzlich wurde die geistige Leistungsf\u00e4higkeit der Bergsteiger w\u00e4hrend der Expedition mittels neuropsychologischer Tests untersucht. Eine erste Resultatauswertung f\u00f6rderte im untersuchten Kollektiv von top trainierten Bergsteigern zwar Unterschiede im Hirnstoffwechsel vor und nach der Expedition zutage, aber weder funktionell noch morphologisch waren Hirnver\u00e4nderungen nachweisbar.<\/p>\n<p>In einer zweiten Studie wurde der Einfluss eines gezielten Trainings der Atmungsmuskulatur auf die Gesamtleistungsf\u00e4higkeit der Expeditionsteilnehmer untersucht. Trendm\u00e4ssig zeigte die Gruppe, welche das Atemtraining durchgef\u00fchrt hatte, in verschiedenen Bereichen (Leistungsf\u00e4higkeit, Akklimatisationsgeschwindigkeit) bessere Resultate. Ein statistischer Nachweis ist aber, auch aufgrund der relativ kleinen Probandenzahl, nicht gelungen.<\/p>\n<p>Die Resultate dieser Studien wurden Ende 2002 publiziert werden<\/p>\n","protected":false},"excerpt":{"rendered":"<p>Schweizer Forschungs-Expedition Shisha Pangma 2001 der SGGM Die schweizerische Forschungsexpedition Shisha Pangma 2001 war im Fr\u00fchling 2001 erfolgreich durchgef\u00fchrt worden. Mittels zweier Studien wurden verschiedene Aspekte der H\u00f6henphysiologie genauer untersucht. In der ersten Studie wurde der Einfluss der H\u00f6henhypoxie auf das Hirn untersucht. Mit fMRI (functional Magnetic Resonance Imaging) wurden Schnittbilder des Hirnes angefertigt und [&hellip;]<\/p>\n","protected":false},"author":1,"featured_media":0,"parent":2060,"menu_order":1,"comment_status":"closed","ping_status":"closed","template":"template-expedition.php","meta":{"_acf_changed":false,"inline_featured_image":false,"footnotes":"","_links_to":"","_links_to_target":""},"class_list":["post-2066","page","type-page","status-publish","hentry"],"acf":[],"_links":{"self":[{"href":"https:\/\/alpinfo.ch\/en\/wp-json\/wp\/v2\/pages\/2066","targetHints":{"allow":["GET"]}}],"collection":[{"href":"https:\/\/alpinfo.ch\/en\/wp-json\/wp\/v2\/pages"}],"about":[{"href":"https:\/\/alpinfo.ch\/en\/wp-json\/wp\/v2\/types\/page"}],"author":[{"embeddable":true,"href":"https:\/\/alpinfo.ch\/en\/wp-json\/wp\/v2\/users\/1"}],"replies":[{"embeddable":true,"href":"https:\/\/alpinfo.ch\/en\/wp-json\/wp\/v2\/comments?post=2066"}],"version-history":[{"count":4,"href":"https:\/\/alpinfo.ch\/en\/wp-json\/wp\/v2\/pages\/2066\/revisions"}],"predecessor-version":[{"id":2723,"href":"https:\/\/alpinfo.ch\/en\/wp-json\/wp\/v2\/pages\/2066\/revisions\/2723"}],"up":[{"embeddable":true,"href":"https:\/\/alpinfo.ch\/en\/wp-json\/wp\/v2\/pages\/2060"}],"wp:attachment":[{"href":"https:\/\/alpinfo.ch\/en\/wp-json\/wp\/v2\/media?parent=2066"}],"curies":[{"name":"wp","href":"https:\/\/api.w.org\/{rel}","templated":true}]}}