{"id":2075,"date":"2021-08-23T09:07:39","date_gmt":"2021-08-23T07:07:11","guid":{"rendered":"https:\/\/alpinfo.flake.work\/forschung\/aktuelle-projekte\/realisationen-seit-2000\/sustainable-tourism-in-the-nepalese-himalaya\/"},"modified":"2021-09-24T15:42:02","modified_gmt":"2021-09-24T13:42:02","slug":"sustainable-tourism-in-the-nepalese-himalaya","status":"publish","type":"page","link":"https:\/\/alpinfo.ch\/en\/research\/current-projects\/realisationen-seit-2000\/sustainable-tourism-in-the-nepalese-himalaya\/","title":{"rendered":"&#8221;Sustainable Tourism in the Nepalese Himalaya&#8221;"},"content":{"rendered":"<h2>Buchprojekt Sustainable Tourism in the Nepalese Himalaya<\/h2>\n<p>&nbsp;<\/p>\n<p><img loading=\"lazy\" decoding=\"async\" class=\"alignnone size-medium wp-image-1572\" src=\"https:\/\/alpinfo.ch\/wp-content\/uploads\/2021\/08\/great_himalaya_d20c84fc69_realisationen-seit-2000-218x300.png\" alt=\"\" width=\"218\" height=\"300\" srcset=\"https:\/\/alpinfo.ch\/wp-content\/uploads\/2021\/08\/great_himalaya_d20c84fc69_realisationen-seit-2000-218x300.png 218w, https:\/\/alpinfo.ch\/wp-content\/uploads\/2021\/08\/great_himalaya_d20c84fc69_realisationen-seit-2000.png 576w\" sizes=\"auto, (max-width: 218px) 100vw, 218px\" \/><\/p>\n<p>&nbsp;<\/p>\n<p>Als Beitrag f\u00fcr das &#8220;UNO Jahr der Berge&#8221; 2002 hat die Stiftung das Buch <em>Great Himalaya \u2013 Tourism and the Dynamics of Change<\/em> in Zusammenarbeit mit dem Centre for Development and Environment (CDE) der Universit\u00e4t Bern herausgegeben.<\/p>\n<p>&nbsp;<\/p>\n<p>Die Dissertation von Prof. Dr. Sanjay K. Nepal \u00fcber Sustainable Development in the Himalayas, welche mit Hilfe der Stiftung \u00fcber mehrere Jahre hinweg begleitet und unterst\u00fctzt wurde, soll unter der Leitung von Dr. Th. Kohler von der Gruppe f\u00fcr Entwicklung und Umwelt der Uni Bern und in Zusammenarbeit mit Himalaya-Experte und Buchautor Bernhard Rudolf Banzhaf als popul\u00e4rwissenschaftliches Buch herausgeben werden. Der Tourismus und seine Potentiale, aber auch seine R\u00fcckschl\u00e4ge und Risiken sollen anhand der Hauptgebiete Khumbu\/Everest und Annapurna, den popul\u00e4rsten Destinationen Nepals, illustriert werden. Dabei werden folgende Themen aufgegriffen: Wachstum und Ausbreitung des Tourismus; Auswirkungen auf den Arbeitsmarkt und das Einkommen der lokalen Bev\u00f6lkerung; Reichtum, Armut und Lebensumst\u00e4nde anhand von Statistiken und Fallbeispielen; das Wiedererwachen des Handels mit Tibet; der Tourismus und die Rolle der Frauen; die entscheidende Rolle von Institutionen, die Politik und die politische Instabilit\u00e4t, durch welche Nepal derzeit in Mitleidenschaft gezogen wird; Fragen zur Umwelt, zum Wald, der Abfallbewirtschaftung und Sch\u00e4den an Wegen. Mit zahlreichen Illustrationen, Karten und statistischen Angaben wendet sich das Buch an eine breite Leserschaft: Politiker, Entscheidungstr\u00e4ger in Tourismus und Entwicklungszusammenarbeit, Gelehrte und Experten, Touristen und Bergsteiger, welche sich \u00fcber die Entwicklung des Bergtourismus im Himalaya und auch in anderen Berggebieten informieren m\u00f6chten.<\/p>\n<p>Die Stiftung wollte mit ihrem Engagement f\u00fcr dieses Buch einen Beitrag leisten zur Sensibilisierung einer breiten Bev\u00f6lkerungsschicht f\u00fcr einen schonungsvollen und nachhaltigen Umgang mit der einmaligen Natur und Kultur der Himalaya-Region. Rechtzeitig f\u00fcr das Uno-Jahr der Berge 2002 war das Buch Great Himalaya \u2013 Tourism and the Dynamics of Change erschienen.<\/p>\n<p>&nbsp;<\/p>\n<p>siehe auch: Publikationen &amp; Online Shop:<br \/>\n<a href=\"https:\/\/alpinfo.ch\/de\/publikationen\/buecher-dvds\/\" target=\"_blank\" rel=\"noopener\">www.alpinfo.ch\/de\/publikationen\/buecher-dvds\/<\/a><\/p>\n","protected":false},"excerpt":{"rendered":"<p>Buchprojekt Sustainable Tourism in the Nepalese Himalaya &nbsp; &nbsp; Als Beitrag f\u00fcr das &#8220;UNO Jahr der Berge&#8221; 2002 hat die Stiftung das Buch Great Himalaya \u2013 Tourism and the Dynamics of Change in Zusammenarbeit mit dem Centre for Development and Environment (CDE) der Universit\u00e4t Bern herausgegeben. &nbsp; Die Dissertation von Prof. Dr. Sanjay K. Nepal [&hellip;]<\/p>\n","protected":false},"author":1,"featured_media":0,"parent":2060,"menu_order":3,"comment_status":"closed","ping_status":"closed","template":"template-expedition.php","meta":{"_acf_changed":false,"inline_featured_image":false,"footnotes":"","_links_to":"","_links_to_target":""},"class_list":["post-2075","page","type-page","status-publish","hentry"],"acf":[],"_links":{"self":[{"href":"https:\/\/alpinfo.ch\/en\/wp-json\/wp\/v2\/pages\/2075","targetHints":{"allow":["GET"]}}],"collection":[{"href":"https:\/\/alpinfo.ch\/en\/wp-json\/wp\/v2\/pages"}],"about":[{"href":"https:\/\/alpinfo.ch\/en\/wp-json\/wp\/v2\/types\/page"}],"author":[{"embeddable":true,"href":"https:\/\/alpinfo.ch\/en\/wp-json\/wp\/v2\/users\/1"}],"replies":[{"embeddable":true,"href":"https:\/\/alpinfo.ch\/en\/wp-json\/wp\/v2\/comments?post=2075"}],"version-history":[{"count":3,"href":"https:\/\/alpinfo.ch\/en\/wp-json\/wp\/v2\/pages\/2075\/revisions"}],"predecessor-version":[{"id":2722,"href":"https:\/\/alpinfo.ch\/en\/wp-json\/wp\/v2\/pages\/2075\/revisions\/2722"}],"up":[{"embeddable":true,"href":"https:\/\/alpinfo.ch\/en\/wp-json\/wp\/v2\/pages\/2060"}],"wp:attachment":[{"href":"https:\/\/alpinfo.ch\/en\/wp-json\/wp\/v2\/media?parent=2075"}],"curies":[{"name":"wp","href":"https:\/\/api.w.org\/{rel}","templated":true}]}}