{"id":2168,"date":"2021-08-26T12:36:46","date_gmt":"2021-08-26T10:36:46","guid":{"rendered":"https:\/\/alpinfo.flake.work\/publications\/buecher-dvds\/oswald-oelz\/"},"modified":"2021-09-24T15:44:52","modified_gmt":"2021-09-24T13:44:52","slug":"oswald-oelz","status":"publish","type":"page","link":"https:\/\/alpinfo.ch\/en\/publications\/books-dvds\/oswald-oelz\/","title":{"rendered":"Oswald Oelz"},"content":{"rendered":"<h2>Oswald Oelz Autor von Everest\/Lhotse<\/h2>\n<p><img loading=\"lazy\" decoding=\"async\" class=\"alignnone size-full wp-image-1683\" src=\"https:\/\/alpinfo.ch\/wp-content\/uploads\/2021\/08\/oswald-oelz-autor.jpg\" alt=\"\" width=\"133\" height=\"150\" \/><\/p>\n<p>&nbsp;<\/p>\n<p>Der Autor, OSWALD OELZ, geboren 1943 in Rankweil, \u00d6sterreich,<br \/>\nwurde als Bergsteiger und Alpin- und H\u00f6henmediziner bekannt.<br \/>\nSeit 1971 unternahm der Seilgef\u00e4hrte REINHOLD MESSNERS<br \/>\nzahlreiche Expeditionen in den Himalaya.<\/p>\n<p>Er ist nach PAT MORROW und REINHOLD MESSNER der dritte<br \/>\nBergsteiger, dem die exklusive Sammlung der acht &#8220;Seven Summits&#8221;,<br \/>\nalso der h\u00f6chsten Gipfel aller Kontinente bzw. Erdteile, gelang:<\/p>\n<p>&nbsp;<\/p>\n<p>1976 Mt. McKinley (6.194 m, Nordamerika)<br \/>\n1978 Mt. Everest (8.850 m, Asien)<br \/>\n1986 Aconcagua (6.959 m, S\u00fcdamerika)<br \/>\n1986 Vinson-Massiv (4.897 m, Antarktika)<br \/>\n1987 Kilimandscharo (5.895 m, Afrika)<br \/>\n1989 Elbrus (5.641 m, Europa)<br \/>\n1989 Mt. Kosciusko (2.228 m, Australien)<br \/>\n1990 Carstensz-Pyramide (4.884 m, Australozeanien)<br \/>\nQuelle: Beazley, 2000: Seven Summits<\/p>\n","protected":false},"excerpt":{"rendered":"<p>Oswald Oelz Autor von Everest\/Lhotse &nbsp; Der Autor, OSWALD OELZ, geboren 1943 in Rankweil, \u00d6sterreich, wurde als Bergsteiger und Alpin- und H\u00f6henmediziner bekannt. Seit 1971 unternahm der Seilgef\u00e4hrte REINHOLD MESSNERS zahlreiche Expeditionen in den Himalaya. Er ist nach PAT MORROW und REINHOLD MESSNER der dritte Bergsteiger, dem die exklusive Sammlung der acht &#8220;Seven Summits&#8221;, also [&hellip;]<\/p>\n","protected":false},"author":3,"featured_media":0,"parent":2127,"menu_order":1,"comment_status":"closed","ping_status":"closed","template":"template-default-backlink.php","meta":{"_acf_changed":false,"inline_featured_image":false,"footnotes":"","_links_to":"","_links_to_target":""},"class_list":["post-2168","page","type-page","status-publish","hentry"],"acf":[],"_links":{"self":[{"href":"https:\/\/alpinfo.ch\/en\/wp-json\/wp\/v2\/pages\/2168","targetHints":{"allow":["GET"]}}],"collection":[{"href":"https:\/\/alpinfo.ch\/en\/wp-json\/wp\/v2\/pages"}],"about":[{"href":"https:\/\/alpinfo.ch\/en\/wp-json\/wp\/v2\/types\/page"}],"author":[{"embeddable":true,"href":"https:\/\/alpinfo.ch\/en\/wp-json\/wp\/v2\/users\/3"}],"replies":[{"embeddable":true,"href":"https:\/\/alpinfo.ch\/en\/wp-json\/wp\/v2\/comments?post=2168"}],"version-history":[{"count":2,"href":"https:\/\/alpinfo.ch\/en\/wp-json\/wp\/v2\/pages\/2168\/revisions"}],"predecessor-version":[{"id":2733,"href":"https:\/\/alpinfo.ch\/en\/wp-json\/wp\/v2\/pages\/2168\/revisions\/2733"}],"up":[{"embeddable":true,"href":"https:\/\/alpinfo.ch\/en\/wp-json\/wp\/v2\/pages\/2127"}],"wp:attachment":[{"href":"https:\/\/alpinfo.ch\/en\/wp-json\/wp\/v2\/media?parent=2168"}],"curies":[{"name":"wp","href":"https:\/\/api.w.org\/{rel}","templated":true}]}}