{"id":2171,"date":"2021-08-26T14:49:01","date_gmt":"2021-08-26T12:49:01","guid":{"rendered":"https:\/\/alpinfo.flake.work\/publications\/buecher-dvds\/great-himalaya\/"},"modified":"2021-09-24T15:44:57","modified_gmt":"2021-09-24T13:44:57","slug":"great-himalaya","status":"publish","type":"page","link":"https:\/\/alpinfo.ch\/en\/publications\/books-dvds\/great-himalaya\/","title":{"rendered":"Great Himalaya"},"content":{"rendered":"<h2>Great Himalaya. Tourism and the Dynamics of Change in Nepal<\/h2>\n<p>&nbsp;<\/p>\n<p><img loading=\"lazy\" decoding=\"async\" class=\"alignnone size-full wp-image-1547\" src=\"https:\/\/alpinfo.ch\/wp-content\/uploads\/2021\/08\/buch-great-himalaya_oekologie.jpg\" alt=\"\" width=\"133\" height=\"150\" \/><\/p>\n<p>&nbsp;<\/p>\n<p>Herausgegeben als Beitrag f\u00fcr das &#8220;UNO Jahr der Berge 2002&#8221; von der Schweizerischen Stiftung f\u00fcr Alpine Forschung, Z\u00fcrich, in Zusammenarbeit mit dem Centre for Development and Environment (CDE) der Universit\u00e4t Bern.<\/p>\n<p>Sprache: Englisch<br \/>\n92 Seiten, Preis CHF 20.00 (ca. EURO 15.00 \/ US$ 18.00 )<\/p>\n<p>&nbsp;<\/p>\n<p>Die drei Autoren (Sanjay Kumar Nepal\/Thomas Kohler\/ Bernhard Rudolf Banzhaf) beleuchten auf Grund langj\u00e4hriger Erfahrungen und intensiver Feldstudien die Entwicklung des Tourismus im Himalaya und schliessen einen Kreis von den ersten Bergsteigerexpeditionen zur heutigen Trekkingbewegung. Der Tourismus und seine Potentiale, aber auch seine R\u00fcckschl\u00e4ge und Risiken werden anhand der Hauptgebiete Khumbu\/Everest und Annapurna, den popul\u00e4rsten Destinationen Nepals illustriert. Dabei werden folgende Themen aufgegriffen: Wachstum und Ausbreitung des Tourismus; Auswirkungen auf den Arbeitsmarkt und das Einkommen der lokalen Bev\u00f6lkerung; Reichtum, Armut und Lebensumst\u00e4nde anhand von Statistiken und Fallbeispielen; das Wiedererwachen des Handels mit Tibet; der Tourismus und die Rolle der Frauen; die entscheidende Rolle von Institutionen, die Politik und die politische Instabilit\u00e4t, durch welche Nepal derzeit in Mitleidenschaft gezogen wird; Fragen zur Umwelt, zum Wald, der Abfallbewirtschaftung und Sch\u00e4den an Wegen.<\/p>\n<p>Mit \u00fcber 70 farbigen Fotografien sowie zahlreichen Illustrationen und Karten, Text- und statistischen K\u00e4stchen wendet sich das Buch an eine breite Leserschaft: Politiker, Entscheidungstr\u00e4ger in Tourismus und Entwicklungszusammenarbeit, Gelehrte und Experten, Touristen und Bergsteiger, welche sich f\u00fcr die Entwicklung des Bergtourismus im Himalaya und auch anderen Berggebieten informieren m\u00f6chten.<\/p>\n","protected":false},"excerpt":{"rendered":"<p>Great Himalaya. Tourism and the Dynamics of Change in Nepal &nbsp; &nbsp; Herausgegeben als Beitrag f\u00fcr das &#8220;UNO Jahr der Berge 2002&#8221; von der Schweizerischen Stiftung f\u00fcr Alpine Forschung, Z\u00fcrich, in Zusammenarbeit mit dem Centre for Development and Environment (CDE) der Universit\u00e4t Bern. Sprache: Englisch 92 Seiten, Preis CHF 20.00 (ca. EURO 15.00 \/ US$ [&hellip;]<\/p>\n","protected":false},"author":3,"featured_media":0,"parent":2127,"menu_order":2,"comment_status":"closed","ping_status":"closed","template":"template-default-backlink.php","meta":{"_acf_changed":false,"inline_featured_image":false,"footnotes":"","_links_to":"","_links_to_target":""},"class_list":["post-2171","page","type-page","status-publish","hentry"],"acf":[],"_links":{"self":[{"href":"https:\/\/alpinfo.ch\/en\/wp-json\/wp\/v2\/pages\/2171","targetHints":{"allow":["GET"]}}],"collection":[{"href":"https:\/\/alpinfo.ch\/en\/wp-json\/wp\/v2\/pages"}],"about":[{"href":"https:\/\/alpinfo.ch\/en\/wp-json\/wp\/v2\/types\/page"}],"author":[{"embeddable":true,"href":"https:\/\/alpinfo.ch\/en\/wp-json\/wp\/v2\/users\/3"}],"replies":[{"embeddable":true,"href":"https:\/\/alpinfo.ch\/en\/wp-json\/wp\/v2\/comments?post=2171"}],"version-history":[{"count":2,"href":"https:\/\/alpinfo.ch\/en\/wp-json\/wp\/v2\/pages\/2171\/revisions"}],"predecessor-version":[{"id":2734,"href":"https:\/\/alpinfo.ch\/en\/wp-json\/wp\/v2\/pages\/2171\/revisions\/2734"}],"up":[{"embeddable":true,"href":"https:\/\/alpinfo.ch\/en\/wp-json\/wp\/v2\/pages\/2127"}],"wp:attachment":[{"href":"https:\/\/alpinfo.ch\/en\/wp-json\/wp\/v2\/media?parent=2171"}],"curies":[{"name":"wp","href":"https:\/\/api.w.org\/{rel}","templated":true}]}}